{"id":103,"date":"2019-10-19T00:27:58","date_gmt":"2019-10-18T22:27:58","guid":{"rendered":"https:\/\/mikolowkamionka.pl\/?page_id=103"},"modified":"2019-11-08T23:33:46","modified_gmt":"2019-11-08T22:33:46","slug":"sklad-rady","status":"publish","type":"page","link":"https:\/\/mikolowkamionka.pl\/?page_id=103","title":{"rendered":"RADA DZIELNICY"},"content":{"rendered":"\t\t<div data-elementor-type=\"wp-page\" data-elementor-id=\"103\" class=\"elementor elementor-103\">\n\t\t\t\t\t\t\t\t\t<section class=\"elementor-section elementor-top-section elementor-element elementor-element-291ab58 elementor-section-boxed elementor-section-height-default elementor-section-height-default\" data-id=\"291ab58\" data-element_type=\"section\">\n\t\t\t\t\t\t<div class=\"elementor-container elementor-column-gap-default\">\n\t\t\t\t\t<div class=\"elementor-column elementor-col-66 elementor-top-column elementor-element elementor-element-407c92d\" data-id=\"407c92d\" data-element_type=\"column\">\n\t\t\t<div class=\"elementor-widget-wrap elementor-element-populated\">\n\t\t\t\t\t\t\t\t<div class=\"elementor-element elementor-element-37349f6 elementor-widget elementor-widget-text-editor\" data-id=\"37349f6\" data-element_type=\"widget\" data-widget_type=\"text-editor.default\">\n\t\t\t\t<div class=\"elementor-widget-container\">\n\t\t\t\t\t\t\t<p>Rada Dzielnicy Kamionka w Miko\u0142owie<br \/>ul. Katowicka 91<br \/>43-190 Miko\u0142\u00f3w<br \/>email: rada@mikolowkamionka.pl<\/p><p>Kadencja 2019-2024:<br \/>Przewodnicz\u0105ca Rady Dzielnicy Kamionka &#8211; Dorota Pytel<br \/>email: d.pytel@wp.pl tel.: 600 793 333<\/p><p>Wiceprzewodnicz\u0105cy Rady Dzielnicy Kamionka &#8211; Micha\u0142 Dutkiewicz<\/p><p>Przewodnicz\u0105cy Zarz\u0105du Dzielnicy Kamionka &#8211; Andrzej Kami\u0144ski<br \/>email: kamewan@wp.pl tel.: 503 619 493<\/p><p>Wiceprzewodnicz\u0105cy Zarz\u0105du Dzielnicy Kamionka \u2013 Krzysztof Janecki<br \/>Cz\u0142onek Zarz\u0105du Dzielnicy Kamionka &#8211; Barbara Krzy\u017cowska<\/p>\t\t\t\t\t\t<\/div>\n\t\t\t\t<\/div>\n\t\t\t\t\t<\/div>\n\t\t<\/div>\n\t\t\t\t<div class=\"elementor-column elementor-col-33 elementor-top-column elementor-element elementor-element-ad3d6aa\" data-id=\"ad3d6aa\" data-element_type=\"column\">\n\t\t\t<div class=\"elementor-widget-wrap elementor-element-populated\">\n\t\t\t\t\t\t\t\t<div class=\"elementor-element elementor-element-20a84eb elementor-widget elementor-widget-text-editor\" data-id=\"20a84eb\" data-element_type=\"widget\" data-widget_type=\"text-editor.default\">\n\t\t\t\t<div class=\"elementor-widget-container\">\n\t\t\t\t\t\t\t<p>SK\u0141AD OSOBOWY RADY DZIELNICY<\/p><p>1. B\u0142aszczyk-Dr\u00f3\u017cd\u017c Katarzyna<br \/>2. Dutkiewicz Micha\u0142 <br \/>3. Hantulik Jacek<br \/>4. Jakubiec Krzysztof<br \/>5. Janecki Krzysztof<br \/>6. Jarczyk Ewa<br \/>7. Kami\u0144ski Andrzej<br \/>8. Kozacki Zbigniew<br \/>9. Krzy\u017cowska Barbara<br \/>10. Mielczarek Micha\u0142<br \/>11. Mizera-Dutkiewicz Ilona<br \/>12. Nowak Krzysztof<br \/>13. Paj\u0105k Czes\u0142aw<br \/>14. Plata Sylwester<br \/>15. Pytel Dorota<br \/>16. Ruta Beata<br \/>17. Smolarek Joanna<br \/>18. Strzoda Bogdan<br \/>19. \u015awierczek Iwona<br \/>20. Witkowicz Dariusz<br \/>21. \u017by\u0142ka Danuta<\/p>\t\t\t\t\t\t<\/div>\n\t\t\t\t<\/div>\n\t\t\t\t\t<\/div>\n\t\t<\/div>\n\t\t\t\t\t\t\t<\/div>\n\t\t<\/section>\n\t\t\t\t\t\t\t<\/div>\n\t\t","protected":false},"excerpt":{"rendered":"<p>Rada Dzielnicy Kamionka w Miko\u0142owie ul. Katowicka 91 43-190 Miko\u0142\u00f3w email: rada@mikolowkamionka.pl Kadencja 2019-2024: Przewodnicz\u0105ca Rady Dzielnicy Kamionka &#8211; Dorota Pytel email: d.pytel@wp.pl tel.: 600 793 333 Wiceprzewodnicz\u0105cy Rady Dzielnicy Kamionka &#8211; Micha\u0142 Dutkiewicz Przewodnicz\u0105cy Zarz\u0105du Dzielnicy Kamionka &#8211; Andrzej Kami\u0144ski email: kamewan@wp.pl tel.: 503 619 493 Wiceprzewodnicz\u0105cy Zarz\u0105du Dzielnicy Kamionka \u2013 Krzysztof Janecki Cz\u0142onek [&hellip;]<\/p>\n","protected":false},"author":1,"featured_media":0,"parent":0,"menu_order":0,"comment_status":"closed","ping_status":"closed","template":"","meta":{"footnotes":""},"class_list":["post-103","page","type-page","status-publish","hentry"],"yoast_head":"<!-- This site is optimized with the Yoast SEO plugin v21.5 - https:\/\/yoast.com\/wordpress\/plugins\/seo\/ -->\n<title>RADA DZIELNICY - RADA DZIELNICY KAMIONKA<\/title>\n<meta name=\"robots\" content=\"index, follow, max-snippet:-1, max-image-preview:large, max-video-preview:-1\" \/>\n<link rel=\"canonical\" href=\"https:\/\/mikolowkamionka.pl\/?page_id=103\" \/>\n<meta property=\"og:locale\" content=\"pl_PL\" \/>\n<meta property=\"og:type\" content=\"article\" \/>\n<meta property=\"og:title\" content=\"RADA DZIELNICY - RADA DZIELNICY KAMIONKA\" \/>\n<meta property=\"og:description\" content=\"Rada Dzielnicy Kamionka w Miko\u0142owie ul. Katowicka 91 43-190 Miko\u0142\u00f3w email: rada@mikolowkamionka.pl Kadencja 2019-2024: Przewodnicz\u0105ca Rady Dzielnicy Kamionka &#8211; Dorota Pytel email: d.pytel@wp.pl tel.: 600 793 333 Wiceprzewodnicz\u0105cy Rady Dzielnicy Kamionka &#8211; Micha\u0142 Dutkiewicz Przewodnicz\u0105cy Zarz\u0105du Dzielnicy Kamionka &#8211; Andrzej Kami\u0144ski email: kamewan@wp.pl tel.: 503 619 493 Wiceprzewodnicz\u0105cy Zarz\u0105du Dzielnicy Kamionka \u2013 Krzysztof Janecki Cz\u0142onek [&hellip;]\" \/>\n<meta property=\"og:url\" content=\"https:\/\/mikolowkamionka.pl\/?page_id=103\" \/>\n<meta property=\"og:site_name\" content=\"RADA DZIELNICY KAMIONKA\" \/>\n<meta property=\"article:modified_time\" content=\"2019-11-08T22:33:46+00:00\" \/>\n<meta name=\"twitter:card\" content=\"summary_large_image\" \/>\n<meta name=\"twitter:label1\" content=\"Szacowany czas czytania\" \/>\n\t<meta name=\"twitter:data1\" content=\"1 minuta\" \/>\n<script type=\"application\/ld+json\" class=\"yoast-schema-graph\">{\"@context\":\"https:\/\/schema.org\",\"@graph\":[{\"@type\":\"WebPage\",\"@id\":\"https:\/\/mikolowkamionka.pl\/?page_id=103\",\"url\":\"https:\/\/mikolowkamionka.pl\/?page_id=103\",\"name\":\"RADA DZIELNICY - RADA DZIELNICY KAMIONKA\",\"isPartOf\":{\"@id\":\"https:\/\/mikolowkamionka.pl\/#website\"},\"datePublished\":\"2019-10-18T22:27:58+00:00\",\"dateModified\":\"2019-11-08T22:33:46+00:00\",\"breadcrumb\":{\"@id\":\"https:\/\/mikolowkamionka.pl\/?page_id=103#breadcrumb\"},\"inLanguage\":\"pl-PL\",\"potentialAction\":[{\"@type\":\"ReadAction\",\"target\":[\"https:\/\/mikolowkamionka.pl\/?page_id=103\"]}]},{\"@type\":\"BreadcrumbList\",\"@id\":\"https:\/\/mikolowkamionka.pl\/?page_id=103#breadcrumb\",\"itemListElement\":[{\"@type\":\"ListItem\",\"position\":1,\"name\":\"Strona g\u0142\u00f3wna\",\"item\":\"https:\/\/mikolowkamionka.pl\/\"},{\"@type\":\"ListItem\",\"position\":2,\"name\":\"RADA DZIELNICY\"}]},{\"@type\":\"WebSite\",\"@id\":\"https:\/\/mikolowkamionka.pl\/#website\",\"url\":\"https:\/\/mikolowkamionka.pl\/\",\"name\":\"RADA DZIELNICY KAMIONKA\",\"description\":\"w Miko\u0142owie        Informator spo\u0142eczno-kulturalny \",\"potentialAction\":[{\"@type\":\"SearchAction\",\"target\":{\"@type\":\"EntryPoint\",\"urlTemplate\":\"https:\/\/mikolowkamionka.pl\/?s={search_term_string}\"},\"query-input\":\"required name=search_term_string\"}],\"inLanguage\":\"pl-PL\"}]}<\/script>\n<!-- \/ Yoast SEO plugin. -->","yoast_head_json":{"title":"RADA DZIELNICY - RADA DZIELNICY KAMIONKA","robots":{"index":"index","follow":"follow","max-snippet":"max-snippet:-1","max-image-preview":"max-image-preview:large","max-video-preview":"max-video-preview:-1"},"canonical":"https:\/\/mikolowkamionka.pl\/?page_id=103","og_locale":"pl_PL","og_type":"article","og_title":"RADA DZIELNICY - RADA DZIELNICY KAMIONKA","og_description":"Rada Dzielnicy Kamionka w Miko\u0142owie ul. Katowicka 91 43-190 Miko\u0142\u00f3w email: rada@mikolowkamionka.pl Kadencja 2019-2024: Przewodnicz\u0105ca Rady Dzielnicy Kamionka &#8211; Dorota Pytel email: d.pytel@wp.pl tel.: 600 793 333 Wiceprzewodnicz\u0105cy Rady Dzielnicy Kamionka &#8211; Micha\u0142 Dutkiewicz Przewodnicz\u0105cy Zarz\u0105du Dzielnicy Kamionka &#8211; Andrzej Kami\u0144ski email: kamewan@wp.pl tel.: 503 619 493 Wiceprzewodnicz\u0105cy Zarz\u0105du Dzielnicy Kamionka \u2013 Krzysztof Janecki Cz\u0142onek [&hellip;]","og_url":"https:\/\/mikolowkamionka.pl\/?page_id=103","og_site_name":"RADA DZIELNICY KAMIONKA","article_modified_time":"2019-11-08T22:33:46+00:00","twitter_card":"summary_large_image","twitter_misc":{"Szacowany czas czytania":"1 minuta"},"schema":{"@context":"https:\/\/schema.org","@graph":[{"@type":"WebPage","@id":"https:\/\/mikolowkamionka.pl\/?page_id=103","url":"https:\/\/mikolowkamionka.pl\/?page_id=103","name":"RADA DZIELNICY - RADA DZIELNICY KAMIONKA","isPartOf":{"@id":"https:\/\/mikolowkamionka.pl\/#website"},"datePublished":"2019-10-18T22:27:58+00:00","dateModified":"2019-11-08T22:33:46+00:00","breadcrumb":{"@id":"https:\/\/mikolowkamionka.pl\/?page_id=103#breadcrumb"},"inLanguage":"pl-PL","potentialAction":[{"@type":"ReadAction","target":["https:\/\/mikolowkamionka.pl\/?page_id=103"]}]},{"@type":"BreadcrumbList","@id":"https:\/\/mikolowkamionka.pl\/?page_id=103#breadcrumb","itemListElement":[{"@type":"ListItem","position":1,"name":"Strona g\u0142\u00f3wna","item":"https:\/\/mikolowkamionka.pl\/"},{"@type":"ListItem","position":2,"name":"RADA DZIELNICY"}]},{"@type":"WebSite","@id":"https:\/\/mikolowkamionka.pl\/#website","url":"https:\/\/mikolowkamionka.pl\/","name":"RADA DZIELNICY KAMIONKA","description":"w Miko\u0142owie        Informator spo\u0142eczno-kulturalny ","potentialAction":[{"@type":"SearchAction","target":{"@type":"EntryPoint","urlTemplate":"https:\/\/mikolowkamionka.pl\/?s={search_term_string}"},"query-input":"required name=search_term_string"}],"inLanguage":"pl-PL"}]}},"_links":{"self":[{"href":"https:\/\/mikolowkamionka.pl\/index.php?rest_route=\/wp\/v2\/pages\/103","targetHints":{"allow":["GET"]}}],"collection":[{"href":"https:\/\/mikolowkamionka.pl\/index.php?rest_route=\/wp\/v2\/pages"}],"about":[{"href":"https:\/\/mikolowkamionka.pl\/index.php?rest_route=\/wp\/v2\/types\/page"}],"author":[{"embeddable":true,"href":"https:\/\/mikolowkamionka.pl\/index.php?rest_route=\/wp\/v2\/users\/1"}],"replies":[{"embeddable":true,"href":"https:\/\/mikolowkamionka.pl\/index.php?rest_route=%2Fwp%2Fv2%2Fcomments&post=103"}],"version-history":[{"count":16,"href":"https:\/\/mikolowkamionka.pl\/index.php?rest_route=\/wp\/v2\/pages\/103\/revisions"}],"predecessor-version":[{"id":587,"href":"https:\/\/mikolowkamionka.pl\/index.php?rest_route=\/wp\/v2\/pages\/103\/revisions\/587"}],"wp:attachment":[{"href":"https:\/\/mikolowkamionka.pl\/index.php?rest_route=%2Fwp%2Fv2%2Fmedia&parent=103"}],"curies":[{"name":"wp","href":"https:\/\/api.w.org\/{rel}","templated":true}]}}