{"id":3,"date":"2019-10-18T20:58:44","date_gmt":"2019-10-18T18:58:44","guid":{"rendered":"https:\/\/mikolowkamionka.pl\/?page_id=3"},"modified":"2019-11-06T18:53:27","modified_gmt":"2019-11-06T17:53:27","slug":"polityka-prywatnosci","status":"publish","type":"page","link":"https:\/\/mikolowkamionka.pl\/?page_id=3","title":{"rendered":"Polityka prywatno\u015bci"},"content":{"rendered":"\t\t<div data-elementor-type=\"wp-page\" data-elementor-id=\"3\" class=\"elementor elementor-3\">\n\t\t\t\t\t\t\t\t\t<section class=\"elementor-section elementor-top-section elementor-element elementor-element-7b69fc5 elementor-section-boxed elementor-section-height-default elementor-section-height-default\" data-id=\"7b69fc5\" data-element_type=\"section\">\n\t\t\t\t\t\t<div class=\"elementor-container elementor-column-gap-default\">\n\t\t\t\t\t<div class=\"elementor-column elementor-col-100 elementor-top-column elementor-element elementor-element-2f06deb\" data-id=\"2f06deb\" data-element_type=\"column\">\n\t\t\t<div class=\"elementor-widget-wrap elementor-element-populated\">\n\t\t\t\t\t\t\t\t<div class=\"elementor-element elementor-element-488a5c3 elementor-widget elementor-widget-text-editor\" data-id=\"488a5c3\" data-element_type=\"widget\" data-widget_type=\"text-editor.default\">\n\t\t\t\t<div class=\"elementor-widget-container\">\n\t\t\t\t\t\t\t<p>Nasz serwis internetowy nie udost\u0119pnia osobom trzecim informacji pochodz\u0105cych z formularzy kontaktowych umieszczonych w serwisie, poczty e-mail przesy\u0142anej bezpo\u015brednio chyba \u017ce stosowny organ administracji publicznej lub s\u0105d wyst\u0105pi o ich udost\u0119pnienie. <span style=\"font-style: inherit; font-weight: inherit;\">Mo\u017cesz r\u00f3wnie\u017c za\u017c\u0105da\u0107 usuni\u0119cia przez nas ca\u0142o\u015bci twoich danych osobistych w naszym posiadaniu. Nie dotyczy to \u017cadnych danych kt\u00f3re jeste\u015bmy zobligowani zachowa\u0107 ze wzgl\u0119d\u00f3w administracyjnych, prawnych albo bezpiecze\u0144stwa. <\/span>Niekt\u00f3re elementy serwisu mog\u0105 wykorzystywa\u0107 cookies (ma\u0142e pliki wysy\u0142ane do komputera u\u017cytkownika identyfikuj\u0105c go do wykonania okre\u015blonej operacji.\u00a0<span style=\"font-style: inherit; font-weight: inherit;\">Nie odpowiadamy za polityk\u0119 prywatno\u015bci serwis\u00f3w, do kt\u00f3rych prowadz\u0105 linki z tego serwisu.\u00a0<\/span><span style=\"font-style: inherit; font-weight: inherit;\">Zbieramy i analizujemy dane wynikaj\u0105ce z log\u00f3w systemowych. <\/span><\/p>\t\t\t\t\t\t<\/div>\n\t\t\t\t<\/div>\n\t\t\t\t<div class=\"elementor-element elementor-element-8d857f4 elementor-widget elementor-widget-text-editor\" data-id=\"8d857f4\" data-element_type=\"widget\" data-widget_type=\"text-editor.default\">\n\t\t\t\t<div class=\"elementor-widget-container\">\n\t\t\t\t\t\t\t\t\t\t\t\t\t<\/div>\n\t\t\t\t<\/div>\n\t\t\t\t\t<\/div>\n\t\t<\/div>\n\t\t\t\t\t\t\t<\/div>\n\t\t<\/section>\n\t\t\t\t\t\t\t<\/div>\n\t\t","protected":false},"excerpt":{"rendered":"<p>Nasz serwis internetowy nie udost\u0119pnia osobom trzecim informacji pochodz\u0105cych z formularzy kontaktowych umieszczonych w serwisie, poczty e-mail przesy\u0142anej bezpo\u015brednio chyba \u017ce stosowny organ administracji publicznej lub s\u0105d wyst\u0105pi o ich udost\u0119pnienie. Mo\u017cesz r\u00f3wnie\u017c za\u017c\u0105da\u0107 usuni\u0119cia przez nas ca\u0142o\u015bci twoich danych osobistych w naszym posiadaniu. Nie dotyczy to \u017cadnych danych kt\u00f3re jeste\u015bmy zobligowani zachowa\u0107 ze wzgl\u0119d\u00f3w [&hellip;]<\/p>\n","protected":false},"author":1,"featured_media":0,"parent":0,"menu_order":0,"comment_status":"closed","ping_status":"closed","template":"","meta":{"footnotes":""},"class_list":["post-3","page","type-page","status-publish","hentry"],"yoast_head":"<!-- This site is optimized with the Yoast SEO plugin v21.5 - https:\/\/yoast.com\/wordpress\/plugins\/seo\/ -->\n<title>Polityka prywatno\u015bci - RADA DZIELNICY KAMIONKA<\/title>\n<meta name=\"robots\" content=\"index, follow, max-snippet:-1, max-image-preview:large, max-video-preview:-1\" \/>\n<link rel=\"canonical\" href=\"https:\/\/mikolowkamionka.pl\/?page_id=3\" \/>\n<meta property=\"og:locale\" content=\"pl_PL\" \/>\n<meta property=\"og:type\" content=\"article\" \/>\n<meta property=\"og:title\" content=\"Polityka prywatno\u015bci - RADA DZIELNICY KAMIONKA\" \/>\n<meta property=\"og:description\" content=\"Nasz serwis internetowy nie udost\u0119pnia osobom trzecim informacji pochodz\u0105cych z formularzy kontaktowych umieszczonych w serwisie, poczty e-mail przesy\u0142anej bezpo\u015brednio chyba \u017ce stosowny organ administracji publicznej lub s\u0105d wyst\u0105pi o ich udost\u0119pnienie. Mo\u017cesz r\u00f3wnie\u017c za\u017c\u0105da\u0107 usuni\u0119cia przez nas ca\u0142o\u015bci twoich danych osobistych w naszym posiadaniu. Nie dotyczy to \u017cadnych danych kt\u00f3re jeste\u015bmy zobligowani zachowa\u0107 ze wzgl\u0119d\u00f3w [&hellip;]\" \/>\n<meta property=\"og:url\" content=\"https:\/\/mikolowkamionka.pl\/?page_id=3\" \/>\n<meta property=\"og:site_name\" content=\"RADA DZIELNICY KAMIONKA\" \/>\n<meta property=\"article:modified_time\" content=\"2019-11-06T17:53:27+00:00\" \/>\n<meta name=\"twitter:card\" content=\"summary_large_image\" \/>\n<meta name=\"twitter:label1\" content=\"Szacowany czas czytania\" \/>\n\t<meta name=\"twitter:data1\" content=\"1 minuta\" \/>\n<script type=\"application\/ld+json\" class=\"yoast-schema-graph\">{\"@context\":\"https:\/\/schema.org\",\"@graph\":[{\"@type\":\"WebPage\",\"@id\":\"https:\/\/mikolowkamionka.pl\/?page_id=3\",\"url\":\"https:\/\/mikolowkamionka.pl\/?page_id=3\",\"name\":\"Polityka prywatno\u015bci - RADA DZIELNICY KAMIONKA\",\"isPartOf\":{\"@id\":\"https:\/\/mikolowkamionka.pl\/#website\"},\"datePublished\":\"2019-10-18T18:58:44+00:00\",\"dateModified\":\"2019-11-06T17:53:27+00:00\",\"breadcrumb\":{\"@id\":\"https:\/\/mikolowkamionka.pl\/?page_id=3#breadcrumb\"},\"inLanguage\":\"pl-PL\",\"potentialAction\":[{\"@type\":\"ReadAction\",\"target\":[\"https:\/\/mikolowkamionka.pl\/?page_id=3\"]}]},{\"@type\":\"BreadcrumbList\",\"@id\":\"https:\/\/mikolowkamionka.pl\/?page_id=3#breadcrumb\",\"itemListElement\":[{\"@type\":\"ListItem\",\"position\":1,\"name\":\"Strona g\u0142\u00f3wna\",\"item\":\"https:\/\/mikolowkamionka.pl\/\"},{\"@type\":\"ListItem\",\"position\":2,\"name\":\"Polityka prywatno\u015bci\"}]},{\"@type\":\"WebSite\",\"@id\":\"https:\/\/mikolowkamionka.pl\/#website\",\"url\":\"https:\/\/mikolowkamionka.pl\/\",\"name\":\"RADA DZIELNICY KAMIONKA\",\"description\":\"w Miko\u0142owie        Informator spo\u0142eczno-kulturalny \",\"potentialAction\":[{\"@type\":\"SearchAction\",\"target\":{\"@type\":\"EntryPoint\",\"urlTemplate\":\"https:\/\/mikolowkamionka.pl\/?s={search_term_string}\"},\"query-input\":\"required name=search_term_string\"}],\"inLanguage\":\"pl-PL\"}]}<\/script>\n<!-- \/ Yoast SEO plugin. -->","yoast_head_json":{"title":"Polityka prywatno\u015bci - RADA DZIELNICY KAMIONKA","robots":{"index":"index","follow":"follow","max-snippet":"max-snippet:-1","max-image-preview":"max-image-preview:large","max-video-preview":"max-video-preview:-1"},"canonical":"https:\/\/mikolowkamionka.pl\/?page_id=3","og_locale":"pl_PL","og_type":"article","og_title":"Polityka prywatno\u015bci - RADA DZIELNICY KAMIONKA","og_description":"Nasz serwis internetowy nie udost\u0119pnia osobom trzecim informacji pochodz\u0105cych z formularzy kontaktowych umieszczonych w serwisie, poczty e-mail przesy\u0142anej bezpo\u015brednio chyba \u017ce stosowny organ administracji publicznej lub s\u0105d wyst\u0105pi o ich udost\u0119pnienie. Mo\u017cesz r\u00f3wnie\u017c za\u017c\u0105da\u0107 usuni\u0119cia przez nas ca\u0142o\u015bci twoich danych osobistych w naszym posiadaniu. Nie dotyczy to \u017cadnych danych kt\u00f3re jeste\u015bmy zobligowani zachowa\u0107 ze wzgl\u0119d\u00f3w [&hellip;]","og_url":"https:\/\/mikolowkamionka.pl\/?page_id=3","og_site_name":"RADA DZIELNICY KAMIONKA","article_modified_time":"2019-11-06T17:53:27+00:00","twitter_card":"summary_large_image","twitter_misc":{"Szacowany czas czytania":"1 minuta"},"schema":{"@context":"https:\/\/schema.org","@graph":[{"@type":"WebPage","@id":"https:\/\/mikolowkamionka.pl\/?page_id=3","url":"https:\/\/mikolowkamionka.pl\/?page_id=3","name":"Polityka prywatno\u015bci - RADA DZIELNICY KAMIONKA","isPartOf":{"@id":"https:\/\/mikolowkamionka.pl\/#website"},"datePublished":"2019-10-18T18:58:44+00:00","dateModified":"2019-11-06T17:53:27+00:00","breadcrumb":{"@id":"https:\/\/mikolowkamionka.pl\/?page_id=3#breadcrumb"},"inLanguage":"pl-PL","potentialAction":[{"@type":"ReadAction","target":["https:\/\/mikolowkamionka.pl\/?page_id=3"]}]},{"@type":"BreadcrumbList","@id":"https:\/\/mikolowkamionka.pl\/?page_id=3#breadcrumb","itemListElement":[{"@type":"ListItem","position":1,"name":"Strona g\u0142\u00f3wna","item":"https:\/\/mikolowkamionka.pl\/"},{"@type":"ListItem","position":2,"name":"Polityka prywatno\u015bci"}]},{"@type":"WebSite","@id":"https:\/\/mikolowkamionka.pl\/#website","url":"https:\/\/mikolowkamionka.pl\/","name":"RADA DZIELNICY KAMIONKA","description":"w Miko\u0142owie        Informator spo\u0142eczno-kulturalny ","potentialAction":[{"@type":"SearchAction","target":{"@type":"EntryPoint","urlTemplate":"https:\/\/mikolowkamionka.pl\/?s={search_term_string}"},"query-input":"required name=search_term_string"}],"inLanguage":"pl-PL"}]}},"_links":{"self":[{"href":"https:\/\/mikolowkamionka.pl\/index.php?rest_route=\/wp\/v2\/pages\/3","targetHints":{"allow":["GET"]}}],"collection":[{"href":"https:\/\/mikolowkamionka.pl\/index.php?rest_route=\/wp\/v2\/pages"}],"about":[{"href":"https:\/\/mikolowkamionka.pl\/index.php?rest_route=\/wp\/v2\/types\/page"}],"author":[{"embeddable":true,"href":"https:\/\/mikolowkamionka.pl\/index.php?rest_route=\/wp\/v2\/users\/1"}],"replies":[{"embeddable":true,"href":"https:\/\/mikolowkamionka.pl\/index.php?rest_route=%2Fwp%2Fv2%2Fcomments&post=3"}],"version-history":[{"count":4,"href":"https:\/\/mikolowkamionka.pl\/index.php?rest_route=\/wp\/v2\/pages\/3\/revisions"}],"predecessor-version":[{"id":477,"href":"https:\/\/mikolowkamionka.pl\/index.php?rest_route=\/wp\/v2\/pages\/3\/revisions\/477"}],"wp:attachment":[{"href":"https:\/\/mikolowkamionka.pl\/index.php?rest_route=%2Fwp%2Fv2%2Fmedia&parent=3"}],"curies":[{"name":"wp","href":"https:\/\/api.w.org\/{rel}","templated":true}]}}