{"id":52,"date":"2019-10-18T22:14:53","date_gmt":"2019-10-18T20:14:53","guid":{"rendered":"https:\/\/mikolowkamionka.pl\/?page_id=52"},"modified":"2019-11-06T19:06:50","modified_gmt":"2019-11-06T18:06:50","slug":"kontakt","status":"publish","type":"page","link":"https:\/\/mikolowkamionka.pl\/?page_id=52","title":{"rendered":"KONTAKT"},"content":{"rendered":"\t\t<div data-elementor-type=\"wp-page\" data-elementor-id=\"52\" class=\"elementor elementor-52\">\n\t\t\t\t\t\t\t\t\t<section class=\"elementor-section elementor-top-section elementor-element elementor-element-a22d275 elementor-section-boxed elementor-section-height-default elementor-section-height-default\" data-id=\"a22d275\" data-element_type=\"section\">\n\t\t\t\t\t\t<div class=\"elementor-container elementor-column-gap-default\">\n\t\t\t\t\t<div class=\"elementor-column elementor-col-100 elementor-top-column elementor-element elementor-element-1c7f275\" data-id=\"1c7f275\" data-element_type=\"column\">\n\t\t\t<div class=\"elementor-widget-wrap elementor-element-populated\">\n\t\t\t\t\t\t\t\t<div class=\"elementor-element elementor-element-4856cfe elementor-widget elementor-widget-shortcode\" data-id=\"4856cfe\" data-element_type=\"widget\" data-widget_type=\"shortcode.default\">\n\t\t\t\t<div class=\"elementor-widget-container\">\n\t\t\t\t\t<div class=\"elementor-shortcode\">\n<div class=\"wpcf7 no-js\" id=\"wpcf7-f333-o1\" lang=\"pl-PL\" dir=\"ltr\">\n<div class=\"screen-reader-response\"><p role=\"status\" aria-live=\"polite\" aria-atomic=\"true\"><\/p> <ul><\/ul><\/div>\n<form action=\"\/index.php?rest_route=%2Fwp%2Fv2%2Fpages%2F52#wpcf7-f333-o1\" method=\"post\" class=\"wpcf7-form init\" aria-label=\"Formularz kontaktowy\" novalidate=\"novalidate\" data-status=\"init\">\n<div style=\"display: none;\">\n<input type=\"hidden\" name=\"_wpcf7\" value=\"333\" \/>\n<input type=\"hidden\" name=\"_wpcf7_version\" value=\"5.7.7\" \/>\n<input type=\"hidden\" name=\"_wpcf7_locale\" value=\"pl_PL\" \/>\n<input type=\"hidden\" name=\"_wpcf7_unit_tag\" value=\"wpcf7-f333-o1\" \/>\n<input type=\"hidden\" name=\"_wpcf7_container_post\" value=\"0\" \/>\n<input type=\"hidden\" name=\"_wpcf7_posted_data_hash\" value=\"\" \/>\n<\/div>\n<p><label> Imi\u0119 i nazwisko (wymagane)<br \/>\n<span class=\"wpcf7-form-control-wrap\" data-name=\"your-name\"><input size=\"40\" class=\"wpcf7-form-control wpcf7-text wpcf7-validates-as-required\" aria-required=\"true\" aria-invalid=\"false\" value=\"\" type=\"text\" name=\"your-name\" \/><\/span> <\/label>\n<\/p>\n<p><label> Adres email (wymagane)<br \/>\n<span class=\"wpcf7-form-control-wrap\" data-name=\"your-email\"><input size=\"40\" class=\"wpcf7-form-control wpcf7-text wpcf7-email wpcf7-validates-as-required wpcf7-validates-as-email\" aria-required=\"true\" aria-invalid=\"false\" value=\"\" type=\"email\" name=\"your-email\" \/><\/span> <\/label>\n<\/p>\n<p><label> Temat<br \/>\n<span class=\"wpcf7-form-control-wrap\" data-name=\"your-subject\"><input size=\"40\" class=\"wpcf7-form-control wpcf7-text\" aria-invalid=\"false\" value=\"\" type=\"text\" name=\"your-subject\" \/><\/span> <\/label>\n<\/p>\n<p><label> Tre\u015b\u0107 wiadomo\u015bci<br \/>\n<span class=\"wpcf7-form-control-wrap\" data-name=\"your-message\"><textarea cols=\"40\" rows=\"10\" class=\"wpcf7-form-control wpcf7-textarea\" aria-invalid=\"false\" name=\"your-message\"><\/textarea><\/span> <\/label><br \/>\n<span class=\"wpcf7-form-control-wrap\" data-name=\"acceptance-29\"><span class=\"wpcf7-form-control wpcf7-acceptance\"><span class=\"wpcf7-list-item\"><label><input type=\"checkbox\" name=\"acceptance-29\" value=\"1\" aria-invalid=\"false\" \/><span class=\"wpcf7-list-item-label\">Wyra\u017cam zgod\u0119 na przetwarzanie moich danych przez Rad\u0119 Dzielnicy Miko\u0142\u00f3w Kamionka na potrzeby odpowiedzi na wys\u0142an\u0105 wiadomo\u015b\u0107. Dane nie b\u0119d\u0105 przekazywane innym podmiotom.<\/span><\/label><\/span><\/span><\/span>\n<\/p>\n<p><input class=\"wpcf7-form-control has-spinner wpcf7-submit\" type=\"submit\" value=\"Wy\u015blij\" \/>\n<\/p><div class=\"wpcf7-response-output\" aria-hidden=\"true\"><\/div>\n<\/form>\n<\/div>\n<\/div>\n\t\t\t\t<\/div>\n\t\t\t\t<\/div>\n\t\t\t\t\t<\/div>\n\t\t<\/div>\n\t\t\t\t\t\t\t<\/div>\n\t\t<\/section>\n\t\t\t\t<section class=\"elementor-section elementor-top-section elementor-element elementor-element-39b35e1 elementor-section-boxed elementor-section-height-default elementor-section-height-default\" data-id=\"39b35e1\" data-element_type=\"section\">\n\t\t\t\t\t\t<div class=\"elementor-container elementor-column-gap-default\">\n\t\t\t\t\t<div class=\"elementor-column elementor-col-100 elementor-top-column elementor-element elementor-element-b7d6a89\" data-id=\"b7d6a89\" data-element_type=\"column\">\n\t\t\t<div class=\"elementor-widget-wrap elementor-element-populated\">\n\t\t\t\t\t\t\t\t<div class=\"elementor-element elementor-element-b9fd746 elementor-widget elementor-widget-text-editor\" data-id=\"b9fd746\" data-element_type=\"widget\" data-widget_type=\"text-editor.default\">\n\t\t\t\t<div class=\"elementor-widget-container\">\n\t\t\t\t\t\t\t<p><a href=\"https:\/\/mikolowkamionka.pl\/?page_id=3\">Polityka prywatno\u015bci<\/a><\/p>\t\t\t\t\t\t<\/div>\n\t\t\t\t<\/div>\n\t\t\t\t\t<\/div>\n\t\t<\/div>\n\t\t\t\t\t\t\t<\/div>\n\t\t<\/section>\n\t\t\t\t\t\t\t<\/div>\n\t\t","protected":false},"excerpt":{"rendered":"<p>Polityka prywatno\u015bci<\/p>\n","protected":false},"author":1,"featured_media":0,"parent":0,"menu_order":0,"comment_status":"closed","ping_status":"closed","template":"","meta":{"footnotes":""},"class_list":["post-52","page","type-page","status-publish","hentry"],"yoast_head":"<!-- This site is optimized with the Yoast SEO plugin v21.5 - https:\/\/yoast.com\/wordpress\/plugins\/seo\/ -->\n<title>KONTAKT - RADA DZIELNICY KAMIONKA<\/title>\n<meta name=\"robots\" content=\"index, follow, max-snippet:-1, max-image-preview:large, max-video-preview:-1\" \/>\n<link rel=\"canonical\" href=\"https:\/\/mikolowkamionka.pl\/?page_id=52\" \/>\n<meta property=\"og:locale\" content=\"pl_PL\" \/>\n<meta property=\"og:type\" content=\"article\" \/>\n<meta property=\"og:title\" content=\"KONTAKT - RADA DZIELNICY KAMIONKA\" \/>\n<meta property=\"og:description\" content=\"Polityka prywatno\u015bci\" \/>\n<meta property=\"og:url\" content=\"https:\/\/mikolowkamionka.pl\/?page_id=52\" \/>\n<meta property=\"og:site_name\" content=\"RADA DZIELNICY KAMIONKA\" \/>\n<meta property=\"article:modified_time\" content=\"2019-11-06T18:06:50+00:00\" \/>\n<meta name=\"twitter:card\" content=\"summary_large_image\" \/>\n<script type=\"application\/ld+json\" class=\"yoast-schema-graph\">{\"@context\":\"https:\/\/schema.org\",\"@graph\":[{\"@type\":\"WebPage\",\"@id\":\"https:\/\/mikolowkamionka.pl\/?page_id=52\",\"url\":\"https:\/\/mikolowkamionka.pl\/?page_id=52\",\"name\":\"KONTAKT - RADA DZIELNICY KAMIONKA\",\"isPartOf\":{\"@id\":\"https:\/\/mikolowkamionka.pl\/#website\"},\"datePublished\":\"2019-10-18T20:14:53+00:00\",\"dateModified\":\"2019-11-06T18:06:50+00:00\",\"breadcrumb\":{\"@id\":\"https:\/\/mikolowkamionka.pl\/?page_id=52#breadcrumb\"},\"inLanguage\":\"pl-PL\",\"potentialAction\":[{\"@type\":\"ReadAction\",\"target\":[\"https:\/\/mikolowkamionka.pl\/?page_id=52\"]}]},{\"@type\":\"BreadcrumbList\",\"@id\":\"https:\/\/mikolowkamionka.pl\/?page_id=52#breadcrumb\",\"itemListElement\":[{\"@type\":\"ListItem\",\"position\":1,\"name\":\"Strona g\u0142\u00f3wna\",\"item\":\"https:\/\/mikolowkamionka.pl\/\"},{\"@type\":\"ListItem\",\"position\":2,\"name\":\"KONTAKT\"}]},{\"@type\":\"WebSite\",\"@id\":\"https:\/\/mikolowkamionka.pl\/#website\",\"url\":\"https:\/\/mikolowkamionka.pl\/\",\"name\":\"RADA DZIELNICY KAMIONKA\",\"description\":\"w Miko\u0142owie        Informator spo\u0142eczno-kulturalny \",\"potentialAction\":[{\"@type\":\"SearchAction\",\"target\":{\"@type\":\"EntryPoint\",\"urlTemplate\":\"https:\/\/mikolowkamionka.pl\/?s={search_term_string}\"},\"query-input\":\"required name=search_term_string\"}],\"inLanguage\":\"pl-PL\"}]}<\/script>\n<!-- \/ Yoast SEO plugin. -->","yoast_head_json":{"title":"KONTAKT - RADA DZIELNICY KAMIONKA","robots":{"index":"index","follow":"follow","max-snippet":"max-snippet:-1","max-image-preview":"max-image-preview:large","max-video-preview":"max-video-preview:-1"},"canonical":"https:\/\/mikolowkamionka.pl\/?page_id=52","og_locale":"pl_PL","og_type":"article","og_title":"KONTAKT - RADA DZIELNICY KAMIONKA","og_description":"Polityka prywatno\u015bci","og_url":"https:\/\/mikolowkamionka.pl\/?page_id=52","og_site_name":"RADA DZIELNICY KAMIONKA","article_modified_time":"2019-11-06T18:06:50+00:00","twitter_card":"summary_large_image","schema":{"@context":"https:\/\/schema.org","@graph":[{"@type":"WebPage","@id":"https:\/\/mikolowkamionka.pl\/?page_id=52","url":"https:\/\/mikolowkamionka.pl\/?page_id=52","name":"KONTAKT - RADA DZIELNICY KAMIONKA","isPartOf":{"@id":"https:\/\/mikolowkamionka.pl\/#website"},"datePublished":"2019-10-18T20:14:53+00:00","dateModified":"2019-11-06T18:06:50+00:00","breadcrumb":{"@id":"https:\/\/mikolowkamionka.pl\/?page_id=52#breadcrumb"},"inLanguage":"pl-PL","potentialAction":[{"@type":"ReadAction","target":["https:\/\/mikolowkamionka.pl\/?page_id=52"]}]},{"@type":"BreadcrumbList","@id":"https:\/\/mikolowkamionka.pl\/?page_id=52#breadcrumb","itemListElement":[{"@type":"ListItem","position":1,"name":"Strona g\u0142\u00f3wna","item":"https:\/\/mikolowkamionka.pl\/"},{"@type":"ListItem","position":2,"name":"KONTAKT"}]},{"@type":"WebSite","@id":"https:\/\/mikolowkamionka.pl\/#website","url":"https:\/\/mikolowkamionka.pl\/","name":"RADA DZIELNICY KAMIONKA","description":"w Miko\u0142owie        Informator spo\u0142eczno-kulturalny ","potentialAction":[{"@type":"SearchAction","target":{"@type":"EntryPoint","urlTemplate":"https:\/\/mikolowkamionka.pl\/?s={search_term_string}"},"query-input":"required name=search_term_string"}],"inLanguage":"pl-PL"}]}},"_links":{"self":[{"href":"https:\/\/mikolowkamionka.pl\/index.php?rest_route=\/wp\/v2\/pages\/52","targetHints":{"allow":["GET"]}}],"collection":[{"href":"https:\/\/mikolowkamionka.pl\/index.php?rest_route=\/wp\/v2\/pages"}],"about":[{"href":"https:\/\/mikolowkamionka.pl\/index.php?rest_route=\/wp\/v2\/types\/page"}],"author":[{"embeddable":true,"href":"https:\/\/mikolowkamionka.pl\/index.php?rest_route=\/wp\/v2\/users\/1"}],"replies":[{"embeddable":true,"href":"https:\/\/mikolowkamionka.pl\/index.php?rest_route=%2Fwp%2Fv2%2Fcomments&post=52"}],"version-history":[{"count":17,"href":"https:\/\/mikolowkamionka.pl\/index.php?rest_route=\/wp\/v2\/pages\/52\/revisions"}],"predecessor-version":[{"id":479,"href":"https:\/\/mikolowkamionka.pl\/index.php?rest_route=\/wp\/v2\/pages\/52\/revisions\/479"}],"wp:attachment":[{"href":"https:\/\/mikolowkamionka.pl\/index.php?rest_route=%2Fwp%2Fv2%2Fmedia&parent=52"}],"curies":[{"name":"wp","href":"https:\/\/api.w.org\/{rel}","templated":true}]}}