{"id":841,"date":"2019-12-09T19:54:40","date_gmt":"2019-12-09T18:54:40","guid":{"rendered":"https:\/\/mikolowkamionka.pl\/?page_id=841"},"modified":"2021-09-01T20:57:10","modified_gmt":"2021-09-01T18:57:10","slug":"galerie","status":"publish","type":"page","link":"https:\/\/mikolowkamionka.pl\/?page_id=841","title":{"rendered":"GALERIE"},"content":{"rendered":"\t\t<div data-elementor-type=\"wp-page\" data-elementor-id=\"841\" class=\"elementor elementor-841\">\n\t\t\t\t\t\t\t\t\t<section class=\"elementor-section elementor-top-section elementor-element elementor-element-f266f23 elementor-section-boxed elementor-section-height-default elementor-section-height-default\" data-id=\"f266f23\" data-element_type=\"section\">\n\t\t\t\t\t\t<div class=\"elementor-container elementor-column-gap-default\">\n\t\t\t\t\t<div class=\"elementor-column elementor-col-16 elementor-top-column elementor-element elementor-element-9eaa25b\" data-id=\"9eaa25b\" data-element_type=\"column\">\n\t\t\t<div class=\"elementor-widget-wrap elementor-element-populated\">\n\t\t\t\t\t\t\t\t<div class=\"elementor-element elementor-element-46c1397 elementor-align-center elementor-widget__width-inherit elementor-widget elementor-widget-button\" data-id=\"46c1397\" data-element_type=\"widget\" data-widget_type=\"button.default\">\n\t\t\t\t<div class=\"elementor-widget-container\">\n\t\t\t\t\t<div class=\"elementor-button-wrapper\">\n\t\t\t<a class=\"elementor-button elementor-button-link elementor-size-md\" href=\"https:\/\/mikolowkamionka.pl\/?page_id=844\">\n\t\t\t\t\t\t<span class=\"elementor-button-content-wrapper\">\n\t\t\t\t\t\t<span class=\"elementor-button-text\">KAMIONKA <br>Z LOTU <br>PTAKA<\/span>\n\t\t<\/span>\n\t\t\t\t\t<\/a>\n\t\t<\/div>\n\t\t\t\t<\/div>\n\t\t\t\t<\/div>\n\t\t\t\t\t<\/div>\n\t\t<\/div>\n\t\t\t\t<div class=\"elementor-column elementor-col-16 elementor-top-column elementor-element elementor-element-fd70b6f\" data-id=\"fd70b6f\" data-element_type=\"column\">\n\t\t\t<div class=\"elementor-widget-wrap elementor-element-populated\">\n\t\t\t\t\t\t\t\t<div class=\"elementor-element elementor-element-4ce3c35 elementor-align-center elementor-widget elementor-widget-button\" data-id=\"4ce3c35\" data-element_type=\"widget\" data-widget_type=\"button.default\">\n\t\t\t\t<div class=\"elementor-widget-container\">\n\t\t\t\t\t<div class=\"elementor-button-wrapper\">\n\t\t\t<a class=\"elementor-button elementor-button-link elementor-size-md\" href=\"https:\/\/mikolowkamionka.pl\/?page_id=1347\">\n\t\t\t\t\t\t<span class=\"elementor-button-content-wrapper\">\n\t\t\t\t\t\t<span class=\"elementor-button-text\">KONCERT CH\u00d3RU GOSPEL<\/span>\n\t\t<\/span>\n\t\t\t\t\t<\/a>\n\t\t<\/div>\n\t\t\t\t<\/div>\n\t\t\t\t<\/div>\n\t\t\t\t\t<\/div>\n\t\t<\/div>\n\t\t\t\t<div class=\"elementor-column elementor-col-16 elementor-top-column elementor-element elementor-element-3b0466b\" data-id=\"3b0466b\" data-element_type=\"column\">\n\t\t\t<div class=\"elementor-widget-wrap elementor-element-populated\">\n\t\t\t\t\t\t\t\t<div class=\"elementor-element elementor-element-7de5518 elementor-align-center elementor-widget__width-initial elementor-widget elementor-widget-button\" data-id=\"7de5518\" data-element_type=\"widget\" data-widget_type=\"button.default\">\n\t\t\t\t<div class=\"elementor-widget-container\">\n\t\t\t\t\t<div class=\"elementor-button-wrapper\">\n\t\t\t<a class=\"elementor-button elementor-button-link elementor-size-md\" href=\"https:\/\/mikolowkamionka.pl\/?page_id=2543\">\n\t\t\t\t\t\t<span class=\"elementor-button-content-wrapper\">\n\t\t\t\t\t\t<span class=\"elementor-button-text\">FESTYN<br>NA<br>SKA\u0141CE<\/span>\n\t\t<\/span>\n\t\t\t\t\t<\/a>\n\t\t<\/div>\n\t\t\t\t<\/div>\n\t\t\t\t<\/div>\n\t\t\t\t\t<\/div>\n\t\t<\/div>\n\t\t\t\t<div class=\"elementor-column elementor-col-16 elementor-top-column elementor-element elementor-element-b4acace\" data-id=\"b4acace\" data-element_type=\"column\">\n\t\t\t<div class=\"elementor-widget-wrap\">\n\t\t\t\t\t\t\t\t\t<\/div>\n\t\t<\/div>\n\t\t\t\t<div class=\"elementor-column elementor-col-16 elementor-top-column elementor-element elementor-element-e13128d\" data-id=\"e13128d\" data-element_type=\"column\">\n\t\t\t<div class=\"elementor-widget-wrap\">\n\t\t\t\t\t\t\t\t\t<\/div>\n\t\t<\/div>\n\t\t\t\t<div class=\"elementor-column elementor-col-16 elementor-top-column elementor-element elementor-element-0a5482b\" data-id=\"0a5482b\" data-element_type=\"column\">\n\t\t\t<div class=\"elementor-widget-wrap\">\n\t\t\t\t\t\t\t\t\t<\/div>\n\t\t<\/div>\n\t\t\t\t\t\t\t<\/div>\n\t\t<\/section>\n\t\t\t\t\t\t\t<\/div>\n\t\t","protected":false},"excerpt":{"rendered":"<p>KAMIONKA Z LOTU PTAKA KONCERT CH\u00d3RU GOSPEL FESTYNNASKA\u0141CE<\/p>\n","protected":false},"author":1,"featured_media":0,"parent":0,"menu_order":0,"comment_status":"closed","ping_status":"closed","template":"","meta":{"footnotes":""},"class_list":["post-841","page","type-page","status-publish","hentry"],"yoast_head":"<!-- This site is optimized with the Yoast SEO plugin v21.5 - https:\/\/yoast.com\/wordpress\/plugins\/seo\/ -->\n<title>GALERIE - RADA DZIELNICY KAMIONKA<\/title>\n<meta name=\"description\" content=\"Rada dzielnicy miko\u0142\u00f3w kamionka galeria zdj\u0119cia ciekawostka\" \/>\n<meta name=\"robots\" content=\"index, follow, max-snippet:-1, max-video-preview:-1, noimageindex\" \/>\n<link rel=\"canonical\" href=\"https:\/\/mikolowkamionka.pl\/?page_id=841\" \/>\n<meta property=\"og:locale\" content=\"pl_PL\" \/>\n<meta property=\"og:type\" content=\"article\" \/>\n<meta property=\"og:title\" content=\"GALERIE - RADA DZIELNICY KAMIONKA\" \/>\n<meta property=\"og:description\" content=\"Rada dzielnicy miko\u0142\u00f3w kamionka galeria zdj\u0119cia ciekawostka\" \/>\n<meta property=\"og:url\" content=\"https:\/\/mikolowkamionka.pl\/?page_id=841\" \/>\n<meta property=\"og:site_name\" content=\"RADA DZIELNICY KAMIONKA\" \/>\n<meta property=\"article:modified_time\" content=\"2021-09-01T18:57:10+00:00\" \/>\n<meta name=\"twitter:card\" content=\"summary_large_image\" \/>\n<meta name=\"twitter:label1\" content=\"Szacowany czas czytania\" \/>\n\t<meta name=\"twitter:data1\" content=\"1 minuta\" \/>\n<script type=\"application\/ld+json\" class=\"yoast-schema-graph\">{\"@context\":\"https:\/\/schema.org\",\"@graph\":[{\"@type\":\"WebPage\",\"@id\":\"https:\/\/mikolowkamionka.pl\/?page_id=841\",\"url\":\"https:\/\/mikolowkamionka.pl\/?page_id=841\",\"name\":\"GALERIE - RADA DZIELNICY KAMIONKA\",\"isPartOf\":{\"@id\":\"https:\/\/mikolowkamionka.pl\/#website\"},\"datePublished\":\"2019-12-09T18:54:40+00:00\",\"dateModified\":\"2021-09-01T18:57:10+00:00\",\"description\":\"Rada dzielnicy miko\u0142\u00f3w kamionka galeria zdj\u0119cia ciekawostka\",\"breadcrumb\":{\"@id\":\"https:\/\/mikolowkamionka.pl\/?page_id=841#breadcrumb\"},\"inLanguage\":\"pl-PL\",\"potentialAction\":[{\"@type\":\"ReadAction\",\"target\":[\"https:\/\/mikolowkamionka.pl\/?page_id=841\"]}]},{\"@type\":\"BreadcrumbList\",\"@id\":\"https:\/\/mikolowkamionka.pl\/?page_id=841#breadcrumb\",\"itemListElement\":[{\"@type\":\"ListItem\",\"position\":1,\"name\":\"Strona g\u0142\u00f3wna\",\"item\":\"https:\/\/mikolowkamionka.pl\/\"},{\"@type\":\"ListItem\",\"position\":2,\"name\":\"GALERIE\"}]},{\"@type\":\"WebSite\",\"@id\":\"https:\/\/mikolowkamionka.pl\/#website\",\"url\":\"https:\/\/mikolowkamionka.pl\/\",\"name\":\"RADA DZIELNICY KAMIONKA\",\"description\":\"w Miko\u0142owie        Informator spo\u0142eczno-kulturalny \",\"potentialAction\":[{\"@type\":\"SearchAction\",\"target\":{\"@type\":\"EntryPoint\",\"urlTemplate\":\"https:\/\/mikolowkamionka.pl\/?s={search_term_string}\"},\"query-input\":\"required name=search_term_string\"}],\"inLanguage\":\"pl-PL\"}]}<\/script>\n<!-- \/ Yoast SEO plugin. -->","yoast_head_json":{"title":"GALERIE - RADA DZIELNICY KAMIONKA","description":"Rada dzielnicy miko\u0142\u00f3w kamionka galeria zdj\u0119cia ciekawostka","robots":{"index":"index","follow":"follow","max-snippet":"max-snippet:-1","max-video-preview":"max-video-preview:-1","imageindex":"noimageindex"},"canonical":"https:\/\/mikolowkamionka.pl\/?page_id=841","og_locale":"pl_PL","og_type":"article","og_title":"GALERIE - RADA DZIELNICY KAMIONKA","og_description":"Rada dzielnicy miko\u0142\u00f3w kamionka galeria zdj\u0119cia ciekawostka","og_url":"https:\/\/mikolowkamionka.pl\/?page_id=841","og_site_name":"RADA DZIELNICY KAMIONKA","article_modified_time":"2021-09-01T18:57:10+00:00","twitter_card":"summary_large_image","twitter_misc":{"Szacowany czas czytania":"1 minuta"},"schema":{"@context":"https:\/\/schema.org","@graph":[{"@type":"WebPage","@id":"https:\/\/mikolowkamionka.pl\/?page_id=841","url":"https:\/\/mikolowkamionka.pl\/?page_id=841","name":"GALERIE - RADA DZIELNICY KAMIONKA","isPartOf":{"@id":"https:\/\/mikolowkamionka.pl\/#website"},"datePublished":"2019-12-09T18:54:40+00:00","dateModified":"2021-09-01T18:57:10+00:00","description":"Rada dzielnicy miko\u0142\u00f3w kamionka galeria zdj\u0119cia ciekawostka","breadcrumb":{"@id":"https:\/\/mikolowkamionka.pl\/?page_id=841#breadcrumb"},"inLanguage":"pl-PL","potentialAction":[{"@type":"ReadAction","target":["https:\/\/mikolowkamionka.pl\/?page_id=841"]}]},{"@type":"BreadcrumbList","@id":"https:\/\/mikolowkamionka.pl\/?page_id=841#breadcrumb","itemListElement":[{"@type":"ListItem","position":1,"name":"Strona g\u0142\u00f3wna","item":"https:\/\/mikolowkamionka.pl\/"},{"@type":"ListItem","position":2,"name":"GALERIE"}]},{"@type":"WebSite","@id":"https:\/\/mikolowkamionka.pl\/#website","url":"https:\/\/mikolowkamionka.pl\/","name":"RADA DZIELNICY KAMIONKA","description":"w Miko\u0142owie        Informator spo\u0142eczno-kulturalny ","potentialAction":[{"@type":"SearchAction","target":{"@type":"EntryPoint","urlTemplate":"https:\/\/mikolowkamionka.pl\/?s={search_term_string}"},"query-input":"required name=search_term_string"}],"inLanguage":"pl-PL"}]}},"_links":{"self":[{"href":"https:\/\/mikolowkamionka.pl\/index.php?rest_route=\/wp\/v2\/pages\/841","targetHints":{"allow":["GET"]}}],"collection":[{"href":"https:\/\/mikolowkamionka.pl\/index.php?rest_route=\/wp\/v2\/pages"}],"about":[{"href":"https:\/\/mikolowkamionka.pl\/index.php?rest_route=\/wp\/v2\/types\/page"}],"author":[{"embeddable":true,"href":"https:\/\/mikolowkamionka.pl\/index.php?rest_route=\/wp\/v2\/users\/1"}],"replies":[{"embeddable":true,"href":"https:\/\/mikolowkamionka.pl\/index.php?rest_route=%2Fwp%2Fv2%2Fcomments&post=841"}],"version-history":[{"count":32,"href":"https:\/\/mikolowkamionka.pl\/index.php?rest_route=\/wp\/v2\/pages\/841\/revisions"}],"predecessor-version":[{"id":2595,"href":"https:\/\/mikolowkamionka.pl\/index.php?rest_route=\/wp\/v2\/pages\/841\/revisions\/2595"}],"wp:attachment":[{"href":"https:\/\/mikolowkamionka.pl\/index.php?rest_route=%2Fwp%2Fv2%2Fmedia&parent=841"}],"curies":[{"name":"wp","href":"https:\/\/api.w.org\/{rel}","templated":true}]}}