{"id":844,"date":"2019-12-09T20:02:24","date_gmt":"2019-12-09T19:02:24","guid":{"rendered":"https:\/\/mikolowkamionka.pl\/?page_id=844"},"modified":"2020-02-06T19:20:37","modified_gmt":"2020-02-06T18:20:37","slug":"kamionka-z-lotu-ptaka","status":"publish","type":"page","link":"https:\/\/mikolowkamionka.pl\/?page_id=844","title":{"rendered":"KAMIONKA Z LOTU PTAKA"},"content":{"rendered":"\t\t<div data-elementor-type=\"wp-page\" data-elementor-id=\"844\" class=\"elementor elementor-844\">\n\t\t\t\t\t\t\t\t\t<section class=\"elementor-section elementor-top-section elementor-element elementor-element-aec254b elementor-section-boxed elementor-section-height-default elementor-section-height-default\" data-id=\"aec254b\" data-element_type=\"section\" data-settings=\"{&quot;animation&quot;:&quot;none&quot;}\">\n\t\t\t\t\t\t<div class=\"elementor-container elementor-column-gap-default\">\n\t\t\t\t\t<div class=\"elementor-column elementor-col-100 elementor-top-column elementor-element elementor-element-68048fa\" data-id=\"68048fa\" data-element_type=\"column\">\n\t\t\t<div class=\"elementor-widget-wrap elementor-element-populated\">\n\t\t\t\t\t\t\t\t<div class=\"elementor-element elementor-element-239c85c elementor-widget elementor-widget-heading\" data-id=\"239c85c\" data-element_type=\"widget\" data-widget_type=\"heading.default\">\n\t\t\t\t<div class=\"elementor-widget-container\">\n\t\t\t<h2 class=\"elementor-heading-title elementor-size-small\">Autor zdj\u0119\u0107 : Oskar Pijanowski<\/h2>\t\t<\/div>\n\t\t\t\t<\/div>\n\t\t\t\t\t<\/div>\n\t\t<\/div>\n\t\t\t\t\t\t\t<\/div>\n\t\t<\/section>\n\t\t\t\t<section class=\"elementor-section elementor-top-section elementor-element elementor-element-9d91ac8 elementor-section-boxed elementor-section-height-default elementor-section-height-default\" data-id=\"9d91ac8\" data-element_type=\"section\">\n\t\t\t\t\t\t<div class=\"elementor-container elementor-column-gap-default\">\n\t\t\t\t\t<div class=\"elementor-column elementor-col-100 elementor-top-column elementor-element elementor-element-5690b5d\" data-id=\"5690b5d\" data-element_type=\"column\">\n\t\t\t<div class=\"elementor-widget-wrap elementor-element-populated\">\n\t\t\t\t\t\t\t\t<div class=\"elementor-element elementor-element-4f58b30 gallery-spacing-custom animated-slow elementor-invisible elementor-widget elementor-widget-image-gallery\" data-id=\"4f58b30\" data-element_type=\"widget\" data-settings=\"{&quot;_animation&quot;:&quot;rollIn&quot;,&quot;_animation_delay&quot;:600}\" data-widget_type=\"image-gallery.default\">\n\t\t\t\t<div class=\"elementor-widget-container\">\n\t\t\t\t\t<div class=\"elementor-image-gallery\">\n\t\t\t<div id='gallery-1' class='gallery galleryid-844 gallery-columns-5 gallery-size-thumbnail'><figure class='gallery-item'>\n\t\t\t<div class='gallery-icon landscape'>\n\t\t\t\t<a data-elementor-open-lightbox=\"yes\" data-elementor-lightbox-slideshow=\"4f58b30\" data-elementor-lightbox-title=\"DCIM100MEDIADJI_0276.JPG\" data-e-action-hash=\"#elementor-action%3Aaction%3Dlightbox%26settings%3DeyJpZCI6ODY1LCJ1cmwiOiJodHRwczpcL1wvbWlrb2xvd2thbWlvbmthLnBsXC93cC1jb250ZW50XC91cGxvYWRzXC8yMDE5XC8xMlwvU2thXHUwMTQya2EtNS1zY2FsZWQuanBnIiwic2xpZGVzaG93IjoiNGY1OGIzMCJ9\" href='https:\/\/mikolowkamionka.pl\/wp-content\/uploads\/2019\/12\/Ska\u0142ka-5-scaled.jpg'><img loading=\"lazy\" decoding=\"async\" width=\"150\" height=\"150\" src=\"https:\/\/mikolowkamionka.pl\/wp-content\/uploads\/2019\/12\/Ska\u0142ka-5-150x150.jpg\" class=\"attachment-thumbnail size-thumbnail\" alt=\"\" aria-describedby=\"gallery-1-865\" \/><\/a>\n\t\t\t<\/div>\n\t\t\t\t<figcaption class='wp-caption-text gallery-caption' id='gallery-1-865'>\n\t\t\t\tDCIM100MEDIADJI_0276.JPG\n\t\t\t\t<\/figcaption><\/figure><figure class='gallery-item'>\n\t\t\t<div class='gallery-icon landscape'>\n\t\t\t\t<a data-elementor-open-lightbox=\"yes\" data-elementor-lightbox-slideshow=\"4f58b30\" data-elementor-lightbox-title=\"DCIM100MEDIADJI_0275.JPG\" data-e-action-hash=\"#elementor-action%3Aaction%3Dlightbox%26settings%3DeyJpZCI6ODY0LCJ1cmwiOiJodHRwczpcL1wvbWlrb2xvd2thbWlvbmthLnBsXC93cC1jb250ZW50XC91cGxvYWRzXC8yMDE5XC8xMlwvU2thXHUwMTQya2EtNC1zY2FsZWQuanBnIiwic2xpZGVzaG93IjoiNGY1OGIzMCJ9\" href='https:\/\/mikolowkamionka.pl\/wp-content\/uploads\/2019\/12\/Ska\u0142ka-4-scaled.jpg'><img loading=\"lazy\" decoding=\"async\" width=\"150\" height=\"150\" src=\"https:\/\/mikolowkamionka.pl\/wp-content\/uploads\/2019\/12\/Ska\u0142ka-4-150x150.jpg\" class=\"attachment-thumbnail size-thumbnail\" alt=\"\" aria-describedby=\"gallery-1-864\" \/><\/a>\n\t\t\t<\/div>\n\t\t\t\t<figcaption class='wp-caption-text gallery-caption' id='gallery-1-864'>\n\t\t\t\tDCIM100MEDIADJI_0275.JPG\n\t\t\t\t<\/figcaption><\/figure><figure class='gallery-item'>\n\t\t\t<div class='gallery-icon landscape'>\n\t\t\t\t<a data-elementor-open-lightbox=\"yes\" data-elementor-lightbox-slideshow=\"4f58b30\" data-elementor-lightbox-title=\"DCIM100MEDIADJI_0273.JPG\" data-e-action-hash=\"#elementor-action%3Aaction%3Dlightbox%26settings%3DeyJpZCI6ODYzLCJ1cmwiOiJodHRwczpcL1wvbWlrb2xvd2thbWlvbmthLnBsXC93cC1jb250ZW50XC91cGxvYWRzXC8yMDE5XC8xMlwvc2thXHUwMTQya2EtMy1zY2FsZWQuanBnIiwic2xpZGVzaG93IjoiNGY1OGIzMCJ9\" href='https:\/\/mikolowkamionka.pl\/wp-content\/uploads\/2019\/12\/ska\u0142ka-3-scaled.jpg'><img loading=\"lazy\" decoding=\"async\" width=\"150\" height=\"150\" src=\"https:\/\/mikolowkamionka.pl\/wp-content\/uploads\/2019\/12\/ska\u0142ka-3-150x150.jpg\" class=\"attachment-thumbnail size-thumbnail\" alt=\"\" aria-describedby=\"gallery-1-863\" \/><\/a>\n\t\t\t<\/div>\n\t\t\t\t<figcaption class='wp-caption-text gallery-caption' id='gallery-1-863'>\n\t\t\t\tDCIM100MEDIADJI_0273.JPG\n\t\t\t\t<\/figcaption><\/figure><figure class='gallery-item'>\n\t\t\t<div class='gallery-icon landscape'>\n\t\t\t\t<a data-elementor-open-lightbox=\"yes\" data-elementor-lightbox-slideshow=\"4f58b30\" data-elementor-lightbox-title=\"DCIM100MEDIADJI_0250.JPG\" data-e-action-hash=\"#elementor-action%3Aaction%3Dlightbox%26settings%3DeyJpZCI6ODYyLCJ1cmwiOiJodHRwczpcL1wvbWlrb2xvd2thbWlvbmthLnBsXC93cC1jb250ZW50XC91cGxvYWRzXC8yMDE5XC8xMlwvc2lcdTAxNDJvd25pYS0zLXNjYWxlZC5qcGciLCJzbGlkZXNob3ciOiI0ZjU4YjMwIn0%3D\" href='https:\/\/mikolowkamionka.pl\/wp-content\/uploads\/2019\/12\/si\u0142ownia-3-scaled.jpg'><img loading=\"lazy\" decoding=\"async\" width=\"150\" height=\"150\" src=\"https:\/\/mikolowkamionka.pl\/wp-content\/uploads\/2019\/12\/si\u0142ownia-3-150x150.jpg\" class=\"attachment-thumbnail size-thumbnail\" alt=\"\" aria-describedby=\"gallery-1-862\" \/><\/a>\n\t\t\t<\/div>\n\t\t\t\t<figcaption class='wp-caption-text gallery-caption' id='gallery-1-862'>\n\t\t\t\tDCIM100MEDIADJI_0250.JPG\n\t\t\t\t<\/figcaption><\/figure><figure class='gallery-item'>\n\t\t\t<div class='gallery-icon landscape'>\n\t\t\t\t<a data-elementor-open-lightbox=\"yes\" data-elementor-lightbox-slideshow=\"4f58b30\" data-elementor-lightbox-title=\"DCIM100MEDIADJI_0249.JPG\" data-e-action-hash=\"#elementor-action%3Aaction%3Dlightbox%26settings%3DeyJpZCI6ODYxLCJ1cmwiOiJodHRwczpcL1wvbWlrb2xvd2thbWlvbmthLnBsXC93cC1jb250ZW50XC91cGxvYWRzXC8yMDE5XC8xMlwvc2lcdTAxNDJvd25pYS0yLXNjYWxlZC5qcGciLCJzbGlkZXNob3ciOiI0ZjU4YjMwIn0%3D\" href='https:\/\/mikolowkamionka.pl\/wp-content\/uploads\/2019\/12\/si\u0142ownia-2-scaled.jpg'><img loading=\"lazy\" decoding=\"async\" width=\"150\" height=\"150\" src=\"https:\/\/mikolowkamionka.pl\/wp-content\/uploads\/2019\/12\/si\u0142ownia-2-150x150.jpg\" class=\"attachment-thumbnail size-thumbnail\" alt=\"\" aria-describedby=\"gallery-1-861\" \/><\/a>\n\t\t\t<\/div>\n\t\t\t\t<figcaption class='wp-caption-text gallery-caption' id='gallery-1-861'>\n\t\t\t\tDCIM100MEDIADJI_0249.JPG\n\t\t\t\t<\/figcaption><\/figure><figure class='gallery-item'>\n\t\t\t<div class='gallery-icon landscape'>\n\t\t\t\t<a data-elementor-open-lightbox=\"yes\" data-elementor-lightbox-slideshow=\"4f58b30\" data-elementor-lightbox-title=\"DCIM100MEDIADJI_0259.JPG\" data-e-action-hash=\"#elementor-action%3Aaction%3Dlightbox%26settings%3DeyJpZCI6ODYwLCJ1cmwiOiJodHRwczpcL1wvbWlrb2xvd2thbWlvbmthLnBsXC93cC1jb250ZW50XC91cGxvYWRzXC8yMDE5XC8xMlwvUkQtNC1zY2FsZWQuanBnIiwic2xpZGVzaG93IjoiNGY1OGIzMCJ9\" href='https:\/\/mikolowkamionka.pl\/wp-content\/uploads\/2019\/12\/RD-4-scaled.jpg'><img loading=\"lazy\" decoding=\"async\" width=\"150\" height=\"150\" src=\"https:\/\/mikolowkamionka.pl\/wp-content\/uploads\/2019\/12\/RD-4-150x150.jpg\" class=\"attachment-thumbnail size-thumbnail\" alt=\"\" aria-describedby=\"gallery-1-860\" \/><\/a>\n\t\t\t<\/div>\n\t\t\t\t<figcaption class='wp-caption-text gallery-caption' id='gallery-1-860'>\n\t\t\t\tDCIM100MEDIADJI_0259.JPG\n\t\t\t\t<\/figcaption><\/figure><figure class='gallery-item'>\n\t\t\t<div class='gallery-icon landscape'>\n\t\t\t\t<a data-elementor-open-lightbox=\"yes\" data-elementor-lightbox-slideshow=\"4f58b30\" data-elementor-lightbox-title=\"DCIM100MEDIADJI_0257.JPG\" data-e-action-hash=\"#elementor-action%3Aaction%3Dlightbox%26settings%3DeyJpZCI6ODU5LCJ1cmwiOiJodHRwczpcL1wvbWlrb2xvd2thbWlvbmthLnBsXC93cC1jb250ZW50XC91cGxvYWRzXC8yMDE5XC8xMlwvUkQtMy1zY2FsZWQuanBnIiwic2xpZGVzaG93IjoiNGY1OGIzMCJ9\" href='https:\/\/mikolowkamionka.pl\/wp-content\/uploads\/2019\/12\/RD-3-scaled.jpg'><img loading=\"lazy\" decoding=\"async\" width=\"150\" height=\"150\" src=\"https:\/\/mikolowkamionka.pl\/wp-content\/uploads\/2019\/12\/RD-3-150x150.jpg\" class=\"attachment-thumbnail size-thumbnail\" alt=\"\" aria-describedby=\"gallery-1-859\" \/><\/a>\n\t\t\t<\/div>\n\t\t\t\t<figcaption class='wp-caption-text gallery-caption' id='gallery-1-859'>\n\t\t\t\tDCIM100MEDIADJI_0257.JPG\n\t\t\t\t<\/figcaption><\/figure><figure class='gallery-item'>\n\t\t\t<div class='gallery-icon landscape'>\n\t\t\t\t<a data-elementor-open-lightbox=\"yes\" data-elementor-lightbox-slideshow=\"4f58b30\" data-elementor-lightbox-title=\"DCIM100MEDIADJI_0256.JPG\" data-e-action-hash=\"#elementor-action%3Aaction%3Dlightbox%26settings%3DeyJpZCI6ODU4LCJ1cmwiOiJodHRwczpcL1wvbWlrb2xvd2thbWlvbmthLnBsXC93cC1jb250ZW50XC91cGxvYWRzXC8yMDE5XC8xMlwvUkQtMi1zY2FsZWQuanBnIiwic2xpZGVzaG93IjoiNGY1OGIzMCJ9\" href='https:\/\/mikolowkamionka.pl\/wp-content\/uploads\/2019\/12\/RD-2-scaled.jpg'><img loading=\"lazy\" decoding=\"async\" width=\"150\" height=\"150\" src=\"https:\/\/mikolowkamionka.pl\/wp-content\/uploads\/2019\/12\/RD-2-150x150.jpg\" class=\"attachment-thumbnail size-thumbnail\" alt=\"\" aria-describedby=\"gallery-1-858\" \/><\/a>\n\t\t\t<\/div>\n\t\t\t\t<figcaption class='wp-caption-text gallery-caption' id='gallery-1-858'>\n\t\t\t\tDCIM100MEDIADJI_0256.JPG\n\t\t\t\t<\/figcaption><\/figure><figure class='gallery-item'>\n\t\t\t<div class='gallery-icon landscape'>\n\t\t\t\t<a data-elementor-open-lightbox=\"yes\" data-elementor-lightbox-slideshow=\"4f58b30\" data-elementor-lightbox-title=\"DCIM100MEDIADJI_0262.JPG\" data-e-action-hash=\"#elementor-action%3Aaction%3Dlightbox%26settings%3DeyJpZCI6ODU3LCJ1cmwiOiJodHRwczpcL1wvbWlrb2xvd2thbWlvbmthLnBsXC93cC1jb250ZW50XC91cGxvYWRzXC8yMDE5XC8xMlwvcHJ6ZXN6a29sZS0yLXNjYWxlZC5qcGciLCJzbGlkZXNob3ciOiI0ZjU4YjMwIn0%3D\" href='https:\/\/mikolowkamionka.pl\/wp-content\/uploads\/2019\/12\/przeszkole-2-scaled.jpg'><img loading=\"lazy\" decoding=\"async\" width=\"150\" height=\"150\" src=\"https:\/\/mikolowkamionka.pl\/wp-content\/uploads\/2019\/12\/przeszkole-2-150x150.jpg\" class=\"attachment-thumbnail size-thumbnail\" alt=\"\" aria-describedby=\"gallery-1-857\" \/><\/a>\n\t\t\t<\/div>\n\t\t\t\t<figcaption class='wp-caption-text gallery-caption' id='gallery-1-857'>\n\t\t\t\tDCIM100MEDIADJI_0262.JPG\n\t\t\t\t<\/figcaption><\/figure><figure class='gallery-item'>\n\t\t\t<div class='gallery-icon landscape'>\n\t\t\t\t<a data-elementor-open-lightbox=\"yes\" data-elementor-lightbox-slideshow=\"4f58b30\" data-elementor-lightbox-title=\"DCIM100MEDIADJI_0265.JPG\" data-e-action-hash=\"#elementor-action%3Aaction%3Dlightbox%26settings%3DeyJpZCI6ODU2LCJ1cmwiOiJodHRwczpcL1wvbWlrb2xvd2thbWlvbmthLnBsXC93cC1jb250ZW50XC91cGxvYWRzXC8yMDE5XC8xMlwvcHJ6ZWRzemtvbGUtNC1zY2FsZWQuanBnIiwic2xpZGVzaG93IjoiNGY1OGIzMCJ9\" href='https:\/\/mikolowkamionka.pl\/wp-content\/uploads\/2019\/12\/przedszkole-4-scaled.jpg'><img loading=\"lazy\" decoding=\"async\" width=\"150\" height=\"150\" src=\"https:\/\/mikolowkamionka.pl\/wp-content\/uploads\/2019\/12\/przedszkole-4-150x150.jpg\" class=\"attachment-thumbnail size-thumbnail\" alt=\"\" aria-describedby=\"gallery-1-856\" \/><\/a>\n\t\t\t<\/div>\n\t\t\t\t<figcaption class='wp-caption-text gallery-caption' id='gallery-1-856'>\n\t\t\t\tDCIM100MEDIADJI_0265.JPG\n\t\t\t\t<\/figcaption><\/figure><figure class='gallery-item'>\n\t\t\t<div class='gallery-icon landscape'>\n\t\t\t\t<a data-elementor-open-lightbox=\"yes\" data-elementor-lightbox-slideshow=\"4f58b30\" data-elementor-lightbox-title=\"DCIM100MEDIADJI_0260.JPG\" data-e-action-hash=\"#elementor-action%3Aaction%3Dlightbox%26settings%3DeyJpZCI6ODU1LCJ1cmwiOiJodHRwczpcL1wvbWlrb2xvd2thbWlvbmthLnBsXC93cC1jb250ZW50XC91cGxvYWRzXC8yMDE5XC8xMlwvcHJ6ZWRzemtvbGUtMS1zY2FsZWQuanBnIiwic2xpZGVzaG93IjoiNGY1OGIzMCJ9\" href='https:\/\/mikolowkamionka.pl\/wp-content\/uploads\/2019\/12\/przedszkole-1-scaled.jpg'><img loading=\"lazy\" decoding=\"async\" width=\"150\" height=\"150\" src=\"https:\/\/mikolowkamionka.pl\/wp-content\/uploads\/2019\/12\/przedszkole-1-150x150.jpg\" class=\"attachment-thumbnail size-thumbnail\" alt=\"\" aria-describedby=\"gallery-1-855\" \/><\/a>\n\t\t\t<\/div>\n\t\t\t\t<figcaption class='wp-caption-text gallery-caption' id='gallery-1-855'>\n\t\t\t\tDCIM100MEDIADJI_0260.JPG\n\t\t\t\t<\/figcaption><\/figure><figure class='gallery-item'>\n\t\t\t<div class='gallery-icon landscape'>\n\t\t\t\t<a data-elementor-open-lightbox=\"yes\" data-elementor-lightbox-slideshow=\"4f58b30\" data-elementor-lightbox-title=\"DCIM100MEDIADJI_0283.JPG\" data-e-action-hash=\"#elementor-action%3Aaction%3Dlightbox%26settings%3DeyJpZCI6ODU0LCJ1cmwiOiJodHRwczpcL1wvbWlrb2xvd2thbWlvbmthLnBsXC93cC1jb250ZW50XC91cGxvYWRzXC8yMDE5XC8xMlwva29cdTAxNWJjaVx1MDBmM1x1MDE0Mi00LXNjYWxlZC5qcGciLCJzbGlkZXNob3ciOiI0ZjU4YjMwIn0%3D\" href='https:\/\/mikolowkamionka.pl\/wp-content\/uploads\/2019\/12\/ko\u015bci\u00f3\u0142-4-scaled.jpg'><img loading=\"lazy\" decoding=\"async\" width=\"150\" height=\"150\" src=\"https:\/\/mikolowkamionka.pl\/wp-content\/uploads\/2019\/12\/ko\u015bci\u00f3\u0142-4-150x150.jpg\" class=\"attachment-thumbnail size-thumbnail\" alt=\"\" aria-describedby=\"gallery-1-854\" \/><\/a>\n\t\t\t<\/div>\n\t\t\t\t<figcaption class='wp-caption-text gallery-caption' id='gallery-1-854'>\n\t\t\t\tDCIM100MEDIADJI_0283.JPG\n\t\t\t\t<\/figcaption><\/figure><figure class='gallery-item'>\n\t\t\t<div class='gallery-icon landscape'>\n\t\t\t\t<a data-elementor-open-lightbox=\"yes\" data-elementor-lightbox-slideshow=\"4f58b30\" data-elementor-lightbox-title=\"DCIM100MEDIADJI_0277.JPG\" data-e-action-hash=\"#elementor-action%3Aaction%3Dlightbox%26settings%3DeyJpZCI6ODUzLCJ1cmwiOiJodHRwczpcL1wvbWlrb2xvd2thbWlvbmthLnBsXC93cC1jb250ZW50XC91cGxvYWRzXC8yMDE5XC8xMlwva29zY2lcdTAwZjNcdTAxNDItMS1zY2FsZWQuanBnIiwic2xpZGVzaG93IjoiNGY1OGIzMCJ9\" href='https:\/\/mikolowkamionka.pl\/wp-content\/uploads\/2019\/12\/kosci\u00f3\u0142-1-scaled.jpg'><img loading=\"lazy\" decoding=\"async\" width=\"150\" height=\"150\" src=\"https:\/\/mikolowkamionka.pl\/wp-content\/uploads\/2019\/12\/kosci\u00f3\u0142-1-150x150.jpg\" class=\"attachment-thumbnail size-thumbnail\" alt=\"\" aria-describedby=\"gallery-1-853\" \/><\/a>\n\t\t\t<\/div>\n\t\t\t\t<figcaption class='wp-caption-text gallery-caption' id='gallery-1-853'>\n\t\t\t\tDCIM100MEDIADJI_0277.JPG\n\t\t\t\t<\/figcaption><\/figure><figure class='gallery-item'>\n\t\t\t<div class='gallery-icon landscape'>\n\t\t\t\t<a data-elementor-open-lightbox=\"yes\" data-elementor-lightbox-slideshow=\"4f58b30\" data-elementor-lightbox-title=\"DCIM100MEDIADJI_0243.JPG\" data-e-action-hash=\"#elementor-action%3Aaction%3Dlightbox%26settings%3DeyJpZCI6ODUyLCJ1cmwiOiJodHRwczpcL1wvbWlrb2xvd2thbWlvbmthLnBsXC93cC1jb250ZW50XC91cGxvYWRzXC8yMDE5XC8xMlwvYm9pc2tvLUphbW5hLTItc2NhbGVkLmpwZyIsInNsaWRlc2hvdyI6IjRmNThiMzAifQ%3D%3D\" href='https:\/\/mikolowkamionka.pl\/wp-content\/uploads\/2019\/12\/boisko-Jamna-2-scaled.jpg'><img loading=\"lazy\" decoding=\"async\" width=\"150\" height=\"150\" src=\"https:\/\/mikolowkamionka.pl\/wp-content\/uploads\/2019\/12\/boisko-Jamna-2-150x150.jpg\" class=\"attachment-thumbnail size-thumbnail\" alt=\"\" aria-describedby=\"gallery-1-852\" \/><\/a>\n\t\t\t<\/div>\n\t\t\t\t<figcaption class='wp-caption-text gallery-caption' id='gallery-1-852'>\n\t\t\t\tDCIM100MEDIADJI_0243.JPG\n\t\t\t\t<\/figcaption><\/figure><figure class='gallery-item'>\n\t\t\t<div class='gallery-icon landscape'>\n\t\t\t\t<a data-elementor-open-lightbox=\"yes\" data-elementor-lightbox-slideshow=\"4f58b30\" data-elementor-lightbox-title=\"DCIM100MEDIADJI_0241.JPG\" data-e-action-hash=\"#elementor-action%3Aaction%3Dlightbox%26settings%3DeyJpZCI6ODUxLCJ1cmwiOiJodHRwczpcL1wvbWlrb2xvd2thbWlvbmthLnBsXC93cC1jb250ZW50XC91cGxvYWRzXC8yMDE5XC8xMlwvYm9pc2tvLUphbW5hLTEtc2NhbGVkLmpwZyIsInNsaWRlc2hvdyI6IjRmNThiMzAifQ%3D%3D\" href='https:\/\/mikolowkamionka.pl\/wp-content\/uploads\/2019\/12\/boisko-Jamna-1-scaled.jpg'><img loading=\"lazy\" decoding=\"async\" width=\"150\" height=\"150\" src=\"https:\/\/mikolowkamionka.pl\/wp-content\/uploads\/2019\/12\/boisko-Jamna-1-150x150.jpg\" class=\"attachment-thumbnail size-thumbnail\" alt=\"\" aria-describedby=\"gallery-1-851\" \/><\/a>\n\t\t\t<\/div>\n\t\t\t\t<figcaption class='wp-caption-text gallery-caption' id='gallery-1-851'>\n\t\t\t\tDCIM100MEDIADJI_0241.JPG\n\t\t\t\t<\/figcaption><\/figure>\n\t\t<\/div>\n\t\t<\/div>\n\t\t\t\t<\/div>\n\t\t\t\t<\/div>\n\t\t\t\t\t<\/div>\n\t\t<\/div>\n\t\t\t\t\t\t\t<\/div>\n\t\t<\/section>\n\t\t\t\t\t\t\t<\/div>\n\t\t","protected":false},"excerpt":{"rendered":"<p>Autor zdj\u0119\u0107 : Oskar Pijanowski DCIM100MEDIADJI_0276.JPG DCIM100MEDIADJI_0275.JPG DCIM100MEDIADJI_0273.JPG DCIM100MEDIADJI_0250.JPG DCIM100MEDIADJI_0249.JPG DCIM100MEDIADJI_0259.JPG DCIM100MEDIADJI_0257.JPG DCIM100MEDIADJI_0256.JPG DCIM100MEDIADJI_0262.JPG DCIM100MEDIADJI_0265.JPG DCIM100MEDIADJI_0260.JPG DCIM100MEDIADJI_0283.JPG DCIM100MEDIADJI_0277.JPG DCIM100MEDIADJI_0243.JPG DCIM100MEDIADJI_0241.JPG<\/p>\n","protected":false},"author":1,"featured_media":0,"parent":0,"menu_order":0,"comment_status":"closed","ping_status":"closed","template":"","meta":{"footnotes":""},"class_list":["post-844","page","type-page","status-publish","hentry"],"yoast_head":"<!-- This site is optimized with the Yoast SEO plugin v21.5 - https:\/\/yoast.com\/wordpress\/plugins\/seo\/ -->\n<title>KAMIONKA Z LOTU PTAKA - RADA DZIELNICY KAMIONKA<\/title>\n<meta name=\"robots\" content=\"index, follow, max-snippet:-1, max-image-preview:large, max-video-preview:-1\" \/>\n<link rel=\"canonical\" href=\"https:\/\/mikolowkamionka.pl\/?page_id=844\" \/>\n<meta property=\"og:locale\" content=\"pl_PL\" \/>\n<meta property=\"og:type\" content=\"article\" \/>\n<meta property=\"og:title\" content=\"KAMIONKA Z LOTU PTAKA - RADA DZIELNICY KAMIONKA\" \/>\n<meta property=\"og:description\" content=\"Autor zdj\u0119\u0107 : Oskar Pijanowski DCIM100MEDIADJI_0276.JPG DCIM100MEDIADJI_0275.JPG DCIM100MEDIADJI_0273.JPG DCIM100MEDIADJI_0250.JPG DCIM100MEDIADJI_0249.JPG DCIM100MEDIADJI_0259.JPG DCIM100MEDIADJI_0257.JPG DCIM100MEDIADJI_0256.JPG DCIM100MEDIADJI_0262.JPG DCIM100MEDIADJI_0265.JPG DCIM100MEDIADJI_0260.JPG DCIM100MEDIADJI_0283.JPG DCIM100MEDIADJI_0277.JPG DCIM100MEDIADJI_0243.JPG DCIM100MEDIADJI_0241.JPG\" \/>\n<meta property=\"og:url\" content=\"https:\/\/mikolowkamionka.pl\/?page_id=844\" \/>\n<meta property=\"og:site_name\" content=\"RADA DZIELNICY KAMIONKA\" \/>\n<meta property=\"article:modified_time\" content=\"2020-02-06T18:20:37+00:00\" \/>\n<meta property=\"og:image\" content=\"https:\/\/mikolowkamionka.pl\/wp-content\/uploads\/2019\/12\/Ska\u0142ka-5-150x150.jpg\" \/>\n<meta name=\"twitter:card\" content=\"summary_large_image\" \/>\n<script type=\"application\/ld+json\" class=\"yoast-schema-graph\">{\"@context\":\"https:\/\/schema.org\",\"@graph\":[{\"@type\":\"WebPage\",\"@id\":\"https:\/\/mikolowkamionka.pl\/?page_id=844\",\"url\":\"https:\/\/mikolowkamionka.pl\/?page_id=844\",\"name\":\"KAMIONKA Z LOTU PTAKA - RADA DZIELNICY KAMIONKA\",\"isPartOf\":{\"@id\":\"https:\/\/mikolowkamionka.pl\/#website\"},\"datePublished\":\"2019-12-09T19:02:24+00:00\",\"dateModified\":\"2020-02-06T18:20:37+00:00\",\"breadcrumb\":{\"@id\":\"https:\/\/mikolowkamionka.pl\/?page_id=844#breadcrumb\"},\"inLanguage\":\"pl-PL\",\"potentialAction\":[{\"@type\":\"ReadAction\",\"target\":[\"https:\/\/mikolowkamionka.pl\/?page_id=844\"]}]},{\"@type\":\"BreadcrumbList\",\"@id\":\"https:\/\/mikolowkamionka.pl\/?page_id=844#breadcrumb\",\"itemListElement\":[{\"@type\":\"ListItem\",\"position\":1,\"name\":\"Strona g\u0142\u00f3wna\",\"item\":\"https:\/\/mikolowkamionka.pl\/\"},{\"@type\":\"ListItem\",\"position\":2,\"name\":\"KAMIONKA Z LOTU PTAKA\"}]},{\"@type\":\"WebSite\",\"@id\":\"https:\/\/mikolowkamionka.pl\/#website\",\"url\":\"https:\/\/mikolowkamionka.pl\/\",\"name\":\"RADA DZIELNICY KAMIONKA\",\"description\":\"w Miko\u0142owie        Informator spo\u0142eczno-kulturalny \",\"potentialAction\":[{\"@type\":\"SearchAction\",\"target\":{\"@type\":\"EntryPoint\",\"urlTemplate\":\"https:\/\/mikolowkamionka.pl\/?s={search_term_string}\"},\"query-input\":\"required name=search_term_string\"}],\"inLanguage\":\"pl-PL\"}]}<\/script>\n<!-- \/ Yoast SEO plugin. -->","yoast_head_json":{"title":"KAMIONKA Z LOTU PTAKA - RADA DZIELNICY KAMIONKA","robots":{"index":"index","follow":"follow","max-snippet":"max-snippet:-1","max-image-preview":"max-image-preview:large","max-video-preview":"max-video-preview:-1"},"canonical":"https:\/\/mikolowkamionka.pl\/?page_id=844","og_locale":"pl_PL","og_type":"article","og_title":"KAMIONKA Z LOTU PTAKA - RADA DZIELNICY KAMIONKA","og_description":"Autor zdj\u0119\u0107 : Oskar Pijanowski DCIM100MEDIADJI_0276.JPG DCIM100MEDIADJI_0275.JPG DCIM100MEDIADJI_0273.JPG DCIM100MEDIADJI_0250.JPG DCIM100MEDIADJI_0249.JPG DCIM100MEDIADJI_0259.JPG DCIM100MEDIADJI_0257.JPG DCIM100MEDIADJI_0256.JPG DCIM100MEDIADJI_0262.JPG DCIM100MEDIADJI_0265.JPG DCIM100MEDIADJI_0260.JPG DCIM100MEDIADJI_0283.JPG DCIM100MEDIADJI_0277.JPG DCIM100MEDIADJI_0243.JPG DCIM100MEDIADJI_0241.JPG","og_url":"https:\/\/mikolowkamionka.pl\/?page_id=844","og_site_name":"RADA DZIELNICY KAMIONKA","article_modified_time":"2020-02-06T18:20:37+00:00","og_image":[{"url":"https:\/\/mikolowkamionka.pl\/wp-content\/uploads\/2019\/12\/Ska\u0142ka-5-150x150.jpg"}],"twitter_card":"summary_large_image","schema":{"@context":"https:\/\/schema.org","@graph":[{"@type":"WebPage","@id":"https:\/\/mikolowkamionka.pl\/?page_id=844","url":"https:\/\/mikolowkamionka.pl\/?page_id=844","name":"KAMIONKA Z LOTU PTAKA - RADA DZIELNICY KAMIONKA","isPartOf":{"@id":"https:\/\/mikolowkamionka.pl\/#website"},"datePublished":"2019-12-09T19:02:24+00:00","dateModified":"2020-02-06T18:20:37+00:00","breadcrumb":{"@id":"https:\/\/mikolowkamionka.pl\/?page_id=844#breadcrumb"},"inLanguage":"pl-PL","potentialAction":[{"@type":"ReadAction","target":["https:\/\/mikolowkamionka.pl\/?page_id=844"]}]},{"@type":"BreadcrumbList","@id":"https:\/\/mikolowkamionka.pl\/?page_id=844#breadcrumb","itemListElement":[{"@type":"ListItem","position":1,"name":"Strona g\u0142\u00f3wna","item":"https:\/\/mikolowkamionka.pl\/"},{"@type":"ListItem","position":2,"name":"KAMIONKA Z LOTU PTAKA"}]},{"@type":"WebSite","@id":"https:\/\/mikolowkamionka.pl\/#website","url":"https:\/\/mikolowkamionka.pl\/","name":"RADA DZIELNICY KAMIONKA","description":"w Miko\u0142owie        Informator spo\u0142eczno-kulturalny ","potentialAction":[{"@type":"SearchAction","target":{"@type":"EntryPoint","urlTemplate":"https:\/\/mikolowkamionka.pl\/?s={search_term_string}"},"query-input":"required name=search_term_string"}],"inLanguage":"pl-PL"}]}},"_links":{"self":[{"href":"https:\/\/mikolowkamionka.pl\/index.php?rest_route=\/wp\/v2\/pages\/844","targetHints":{"allow":["GET"]}}],"collection":[{"href":"https:\/\/mikolowkamionka.pl\/index.php?rest_route=\/wp\/v2\/pages"}],"about":[{"href":"https:\/\/mikolowkamionka.pl\/index.php?rest_route=\/wp\/v2\/types\/page"}],"author":[{"embeddable":true,"href":"https:\/\/mikolowkamionka.pl\/index.php?rest_route=\/wp\/v2\/users\/1"}],"replies":[{"embeddable":true,"href":"https:\/\/mikolowkamionka.pl\/index.php?rest_route=%2Fwp%2Fv2%2Fcomments&post=844"}],"version-history":[{"count":8,"href":"https:\/\/mikolowkamionka.pl\/index.php?rest_route=\/wp\/v2\/pages\/844\/revisions"}],"predecessor-version":[{"id":1346,"href":"https:\/\/mikolowkamionka.pl\/index.php?rest_route=\/wp\/v2\/pages\/844\/revisions\/1346"}],"wp:attachment":[{"href":"https:\/\/mikolowkamionka.pl\/index.php?rest_route=%2Fwp%2Fv2%2Fmedia&parent=844"}],"curies":[{"name":"wp","href":"https:\/\/api.w.org\/{rel}","templated":true}]}}